{"id":1767,"date":"2024-10-06T07:31:09","date_gmt":"2024-10-06T04:31:09","guid":{"rendered":"https:\/\/seasiderendezvous.ee\/terms-and-conditions\/"},"modified":"2024-12-19T14:43:57","modified_gmt":"2024-12-19T12:43:57","slug":"terms-and-conditions","status":"publish","type":"page","link":"https:\/\/seasiderendezvous.ee\/en\/terms-and-conditions\/","title":{"rendered":"Terms and conditions"},"content":{"rendered":"\t\t<div data-elementor-type=\"wp-page\" data-elementor-id=\"1767\" class=\"elementor elementor-1767 elementor-1061\" data-elementor-post-type=\"page\">\n\t\t\t\t<div class=\"elementor-element elementor-element-4897a66 e-flex e-con-boxed e-con e-parent\" data-id=\"4897a66\" data-element_type=\"container\" data-e-type=\"container\" data-settings=\"{&quot;background_background&quot;:&quot;classic&quot;}\">\n\t\t\t\t\t<div class=\"e-con-inner\">\n\t\t\t\t<div class=\"elementor-element elementor-element-db6ab69 elementor-widget elementor-widget-heading\" data-id=\"db6ab69\" data-element_type=\"widget\" data-e-type=\"widget\" data-widget_type=\"heading.default\">\n\t\t\t\t<div class=\"elementor-widget-container\">\n\t\t\t\t\t<h2 class=\"elementor-heading-title elementor-size-default\">Terms and conditions<\/h2>\t\t\t\t<\/div>\n\t\t\t\t<\/div>\n\t\t\t\t\t<\/div>\n\t\t\t\t<\/div>\n\t\t<div class=\"elementor-element elementor-element-7853a8c e-flex e-con-boxed e-con e-parent\" data-id=\"7853a8c\" data-element_type=\"container\" data-e-type=\"container\">\n\t\t\t\t\t<div class=\"e-con-inner\">\n\t\t\t\t<div class=\"elementor-element elementor-element-948f197 elementor-widget elementor-widget-text-editor\" data-id=\"948f197\" data-element_type=\"widget\" data-e-type=\"widget\" data-widget_type=\"text-editor.default\">\n\t\t\t\t<div class=\"elementor-widget-container\">\n\t\t\t\t\t\t\t\t\t<p><span style=\"font-weight: 400;\">The owner of the webshop seasiderendezvous.ee (hereinafter referred to as the Webshop) is O\u00dc Seaside Rendezvous (registration code 16199593), located at L\u00e4\u00e4nemere, Kalana village, 92230 Hiiumaa municipality, Hiiu county.  <\/span><\/p>\n<p><b>Validity of the sales contract, commercial and price information  <\/b><\/p>\n<p><span style=\"font-weight: 400;\">Terms and conditions of sale apply when booking through the website.  <\/span><\/p>\n<p><span style=\"font-weight: 400;\">The prices of the products sold are indicated with the products. All prices include VAT.  <\/span><\/p>\n<p><span style=\"font-weight: 400;\">Information about the accommodation can be found on the accommodation page of the Webshop.  <\/span><\/p>\n<p><b>Placing an order  <\/b><\/p>\n<p><span style=\"font-weight: 400;\">To order the goods, you must select the accommodation you wish to book and proceed with the booking. Buttons will guide you through the booking process. To place an order, you must fill in the required fields. The amount of the fee, which can be paid by card, is then displayed. Card payments are brokered by Stripe.  <\/span><\/p>\n<p><span style=\"font-weight: 400;\">The contract shall enter into force from the date of receipt of the amount due to the current account of the Online Shop.  <\/span><\/p>\n<p><span style=\"font-weight: 400;\">If the order cannot be fulfilled, the buyer will be informed as soon as possible and the money paid will be refunded, usually within 1-2 working days. Depending on the payment method, it can take up to 7 working days to receive your payment.  <\/span><\/p>\n<p><b>Dispute resolution  <\/b><\/p>\n<p><span style=\"font-weight: 400;\">If the purchaser has any complaints about the Online Shop, they should be sent by e-mail to info@seasiderendezvous.ee or by telephone to 5016636.  <\/span><\/p>\n<p><span style=\"font-weight: 400;\">If the buyer and the Online Shop are unable to resolve the dispute through an agreement, the buyer can turn to the Consumer Disputes Committee. You can consult the procedural conditions and submit an application by.  <\/span><span style=\"font-weight: 400;\">here<\/span><span style=\"font-weight: 400;\">. <\/span> <span style=\"font-weight: 400;\">  The Consumer Disputes Committee is competent to settle disputes arising from a contract concluded between the buyer and the Online Shop. There is no charge for the Commission to examine the buyer&#8217;s complaint.  <\/span><\/p>\n<p><span style=\"font-weight: 400;\">The buyer can turn to the European Union&#8217;s consumer dispute resolution platform <\/span><span style=\"font-weight: 400;\">to.<\/span><\/p>\n\t\t\t\t\t\t\t\t<\/div>\n\t\t\t\t<\/div>\n\t\t\t\t\t<\/div>\n\t\t\t\t<\/div>\n\t\t\t\t<\/div>\n\t\t","protected":false},"excerpt":{"rendered":"<p>Terms and conditions The owner of the webshop seasiderendezvous.ee (hereinafter referred to as the Webshop) is O\u00dc Seaside Rendezvous (registration code 16199593), located at L\u00e4\u00e4nemere, Kalana village, 92230 Hiiumaa municipality, Hiiu county. Validity of the sales contract, commercial and price information Terms and conditions of sale apply when booking through the website. The prices of [&hellip;]<\/p>\n","protected":false},"author":1,"featured_media":0,"parent":0,"menu_order":0,"comment_status":"closed","ping_status":"closed","template":"","meta":{"site-sidebar-layout":"no-sidebar","site-content-layout":"page-builder","ast-site-content-layout":"full-width-container","site-content-style":"default","site-sidebar-style":"default","ast-global-header-display":"","ast-banner-title-visibility":"","ast-main-header-display":"","ast-hfb-above-header-display":"","ast-hfb-below-header-display":"","ast-hfb-mobile-header-display":"","site-post-title":"disabled","ast-breadcrumbs-content":"","ast-featured-img":"disabled","footer-sml-layout":"","ast-disable-related-posts":"","theme-transparent-header-meta":"","adv-header-id-meta":"","stick-header-meta":"","header-above-stick-meta":"","header-main-stick-meta":"","header-below-stick-meta":"","astra-migrate-meta-layouts":"default","ast-page-background-enabled":"default","ast-page-background-meta":{"desktop":{"background-color":"var(--ast-global-color-4)","background-image":"","background-repeat":"repeat","background-position":"center center","background-size":"auto","background-attachment":"scroll","background-type":"","background-media":"","overlay-type":"","overlay-color":"","overlay-opacity":"","overlay-gradient":""},"tablet":{"background-color":"","background-image":"","background-repeat":"repeat","background-position":"center center","background-size":"auto","background-attachment":"scroll","background-type":"","background-media":"","overlay-type":"","overlay-color":"","overlay-opacity":"","overlay-gradient":""},"mobile":{"background-color":"","background-image":"","background-repeat":"repeat","background-position":"center center","background-size":"auto","background-attachment":"scroll","background-type":"","background-media":"","overlay-type":"","overlay-color":"","overlay-opacity":"","overlay-gradient":""}},"ast-content-background-meta":{"desktop":{"background-color":"var(--ast-global-color-5)","background-image":"","background-repeat":"repeat","background-position":"center center","background-size":"auto","background-attachment":"scroll","background-type":"","background-media":"","overlay-type":"","overlay-color":"","overlay-opacity":"","overlay-gradient":""},"tablet":{"background-color":"var(--ast-global-color-5)","background-image":"","background-repeat":"repeat","background-position":"center center","background-size":"auto","background-attachment":"scroll","background-type":"","background-media":"","overlay-type":"","overlay-color":"","overlay-opacity":"","overlay-gradient":""},"mobile":{"background-color":"var(--ast-global-color-5)","background-image":"","background-repeat":"repeat","background-position":"center center","background-size":"auto","background-attachment":"scroll","background-type":"","background-media":"","overlay-type":"","overlay-color":"","overlay-opacity":"","overlay-gradient":""}},"footnotes":""},"class_list":["post-1767","page","type-page","status-publish","hentry"],"yoast_head":"<!-- This site is optimized with the Yoast SEO plugin v27.4 - https:\/\/yoast.com\/product\/yoast-seo-wordpress\/ -->\n<title>Terms and conditions - Seaside Rendezvous<\/title>\n<meta name=\"robots\" content=\"index, follow, max-snippet:-1, max-image-preview:large, max-video-preview:-1\" \/>\n<link rel=\"canonical\" href=\"https:\/\/seasiderendezvous.ee\/en\/terms-and-conditions\/\" \/>\n<meta property=\"og:locale\" content=\"en_US\" \/>\n<meta property=\"og:type\" content=\"article\" \/>\n<meta property=\"og:title\" content=\"Terms and conditions - Seaside Rendezvous\" \/>\n<meta property=\"og:description\" content=\"Terms and conditions The owner of the webshop seasiderendezvous.ee (hereinafter referred to as the Webshop) is O\u00dc Seaside Rendezvous (registration code 16199593), located at L\u00e4\u00e4nemere, Kalana village, 92230 Hiiumaa municipality, Hiiu county. Validity of the sales contract, commercial and price information Terms and conditions of sale apply when booking through the website. The prices of [&hellip;]\" \/>\n<meta property=\"og:url\" content=\"https:\/\/seasiderendezvous.ee\/en\/terms-and-conditions\/\" \/>\n<meta property=\"og:site_name\" content=\"Seaside Rendezvous\" \/>\n<meta property=\"article:modified_time\" content=\"2024-12-19T12:43:57+00:00\" \/>\n<meta name=\"twitter:card\" content=\"summary_large_image\" \/>\n<meta name=\"twitter:label1\" content=\"Est. reading time\" \/>\n\t<meta name=\"twitter:data1\" content=\"2 minutes\" \/>\n<script type=\"application\/ld+json\" class=\"yoast-schema-graph\">{\"@context\":\"https:\\\/\\\/schema.org\",\"@graph\":[{\"@type\":\"WebPage\",\"@id\":\"https:\\\/\\\/seasiderendezvous.ee\\\/en\\\/terms-and-conditions\\\/\",\"url\":\"https:\\\/\\\/seasiderendezvous.ee\\\/en\\\/terms-and-conditions\\\/\",\"name\":\"Terms and conditions - Seaside Rendezvous\",\"isPartOf\":{\"@id\":\"https:\\\/\\\/seasiderendezvous.ee\\\/en\\\/#website\"},\"datePublished\":\"2024-10-06T04:31:09+00:00\",\"dateModified\":\"2024-12-19T12:43:57+00:00\",\"breadcrumb\":{\"@id\":\"https:\\\/\\\/seasiderendezvous.ee\\\/en\\\/terms-and-conditions\\\/#breadcrumb\"},\"inLanguage\":\"en-US\",\"potentialAction\":[{\"@type\":\"ReadAction\",\"target\":[\"https:\\\/\\\/seasiderendezvous.ee\\\/en\\\/terms-and-conditions\\\/\"]}]},{\"@type\":\"BreadcrumbList\",\"@id\":\"https:\\\/\\\/seasiderendezvous.ee\\\/en\\\/terms-and-conditions\\\/#breadcrumb\",\"itemListElement\":[{\"@type\":\"ListItem\",\"position\":1,\"name\":\"Home\",\"item\":\"https:\\\/\\\/seasiderendezvous.ee\\\/en\\\/\"},{\"@type\":\"ListItem\",\"position\":2,\"name\":\"Terms and conditions\"}]},{\"@type\":\"WebSite\",\"@id\":\"https:\\\/\\\/seasiderendezvous.ee\\\/en\\\/#website\",\"url\":\"https:\\\/\\\/seasiderendezvous.ee\\\/en\\\/\",\"name\":\"Seaside Rendezvous\",\"description\":\"Luksuslik puhkus Hiiumaal\",\"potentialAction\":[{\"@type\":\"SearchAction\",\"target\":{\"@type\":\"EntryPoint\",\"urlTemplate\":\"https:\\\/\\\/seasiderendezvous.ee\\\/en\\\/?s={search_term_string}\"},\"query-input\":{\"@type\":\"PropertyValueSpecification\",\"valueRequired\":true,\"valueName\":\"search_term_string\"}}],\"inLanguage\":\"en-US\"}]}<\/script>\n<!-- \/ Yoast SEO plugin. -->","yoast_head_json":{"title":"Terms and conditions - Seaside Rendezvous","robots":{"index":"index","follow":"follow","max-snippet":"max-snippet:-1","max-image-preview":"max-image-preview:large","max-video-preview":"max-video-preview:-1"},"canonical":"https:\/\/seasiderendezvous.ee\/en\/terms-and-conditions\/","og_locale":"en_US","og_type":"article","og_title":"Terms and conditions - Seaside Rendezvous","og_description":"Terms and conditions The owner of the webshop seasiderendezvous.ee (hereinafter referred to as the Webshop) is O\u00dc Seaside Rendezvous (registration code 16199593), located at L\u00e4\u00e4nemere, Kalana village, 92230 Hiiumaa municipality, Hiiu county. Validity of the sales contract, commercial and price information Terms and conditions of sale apply when booking through the website. The prices of [&hellip;]","og_url":"https:\/\/seasiderendezvous.ee\/en\/terms-and-conditions\/","og_site_name":"Seaside Rendezvous","article_modified_time":"2024-12-19T12:43:57+00:00","twitter_card":"summary_large_image","twitter_misc":{"Est. reading time":"2 minutes"},"schema":{"@context":"https:\/\/schema.org","@graph":[{"@type":"WebPage","@id":"https:\/\/seasiderendezvous.ee\/en\/terms-and-conditions\/","url":"https:\/\/seasiderendezvous.ee\/en\/terms-and-conditions\/","name":"Terms and conditions - Seaside Rendezvous","isPartOf":{"@id":"https:\/\/seasiderendezvous.ee\/en\/#website"},"datePublished":"2024-10-06T04:31:09+00:00","dateModified":"2024-12-19T12:43:57+00:00","breadcrumb":{"@id":"https:\/\/seasiderendezvous.ee\/en\/terms-and-conditions\/#breadcrumb"},"inLanguage":"en-US","potentialAction":[{"@type":"ReadAction","target":["https:\/\/seasiderendezvous.ee\/en\/terms-and-conditions\/"]}]},{"@type":"BreadcrumbList","@id":"https:\/\/seasiderendezvous.ee\/en\/terms-and-conditions\/#breadcrumb","itemListElement":[{"@type":"ListItem","position":1,"name":"Home","item":"https:\/\/seasiderendezvous.ee\/en\/"},{"@type":"ListItem","position":2,"name":"Terms and conditions"}]},{"@type":"WebSite","@id":"https:\/\/seasiderendezvous.ee\/en\/#website","url":"https:\/\/seasiderendezvous.ee\/en\/","name":"Seaside Rendezvous","description":"Luksuslik puhkus Hiiumaal","potentialAction":[{"@type":"SearchAction","target":{"@type":"EntryPoint","urlTemplate":"https:\/\/seasiderendezvous.ee\/en\/?s={search_term_string}"},"query-input":{"@type":"PropertyValueSpecification","valueRequired":true,"valueName":"search_term_string"}}],"inLanguage":"en-US"}]}},"_links":{"self":[{"href":"https:\/\/seasiderendezvous.ee\/en\/wp-json\/wp\/v2\/pages\/1767","targetHints":{"allow":["GET"]}}],"collection":[{"href":"https:\/\/seasiderendezvous.ee\/en\/wp-json\/wp\/v2\/pages"}],"about":[{"href":"https:\/\/seasiderendezvous.ee\/en\/wp-json\/wp\/v2\/types\/page"}],"author":[{"embeddable":true,"href":"https:\/\/seasiderendezvous.ee\/en\/wp-json\/wp\/v2\/users\/1"}],"replies":[{"embeddable":true,"href":"https:\/\/seasiderendezvous.ee\/en\/wp-json\/wp\/v2\/comments?post=1767"}],"version-history":[{"count":1,"href":"https:\/\/seasiderendezvous.ee\/en\/wp-json\/wp\/v2\/pages\/1767\/revisions"}],"predecessor-version":[{"id":1768,"href":"https:\/\/seasiderendezvous.ee\/en\/wp-json\/wp\/v2\/pages\/1767\/revisions\/1768"}],"wp:attachment":[{"href":"https:\/\/seasiderendezvous.ee\/en\/wp-json\/wp\/v2\/media?parent=1767"}],"curies":[{"name":"wp","href":"https:\/\/api.w.org\/{rel}","templated":true}]}}