{"id":1771,"date":"2024-10-06T07:22:20","date_gmt":"2024-10-06T04:22:20","guid":{"rendered":"https:\/\/seasiderendezvous.ee\/privacy-policy\/"},"modified":"2025-07-07T12:12:10","modified_gmt":"2025-07-07T09:12:10","slug":"privacy-policy","status":"publish","type":"page","link":"https:\/\/seasiderendezvous.ee\/en\/privacy-policy\/","title":{"rendered":"Privacy policy"},"content":{"rendered":"\t\t<div data-elementor-type=\"wp-page\" data-elementor-id=\"1771\" class=\"elementor elementor-1771 elementor-1048\" data-elementor-post-type=\"page\">\n\t\t\t\t<div class=\"elementor-element elementor-element-aaa4998 e-flex e-con-boxed e-con e-parent\" data-id=\"aaa4998\" data-element_type=\"container\" data-e-type=\"container\">\n\t\t\t\t\t<div class=\"e-con-inner\">\n\t\t\t\t<div class=\"elementor-element elementor-element-db6ab69 elementor-widget elementor-widget-heading\" data-id=\"db6ab69\" data-element_type=\"widget\" data-e-type=\"widget\" data-widget_type=\"heading.default\">\n\t\t\t\t<div class=\"elementor-widget-container\">\n\t\t\t\t\t<h2 class=\"elementor-heading-title elementor-size-default\">Privacy policy<\/h2>\t\t\t\t<\/div>\n\t\t\t\t<\/div>\n\t\t\t\t\t<\/div>\n\t\t\t\t<\/div>\n\t\t<div class=\"elementor-element elementor-element-7853a8c e-flex e-con-boxed e-con e-parent\" data-id=\"7853a8c\" data-element_type=\"container\" data-e-type=\"container\">\n\t\t\t\t\t<div class=\"e-con-inner\">\n\t\t\t\t<div class=\"elementor-element elementor-element-948f197 elementor-widget elementor-widget-text-editor\" data-id=\"948f197\" data-element_type=\"widget\" data-e-type=\"widget\" data-widget_type=\"text-editor.default\">\n\t\t\t\t<div class=\"elementor-widget-container\">\n\t\t\t\t\t\t\t\t\t<ol><li style=\"font-weight: 400;\" aria-level=\"1\"><strong>General provisions<\/strong><\/li><\/ol><p><span style=\"font-weight: 400;\">1.1. K\u00e4esolev privaatsuspoliitika reguleerib isikuandmete kogumist, t\u00f6\u00f6tlemist ja s\u00e4ilitamist k\u00e4sitlevaid p\u00f5him\u00f5tteid. Isikuandmeid kogub t\u00f6\u00f6tleb ja s\u00e4ilitab isikuandmete vastutav t\u00f6\u00f6tleja O\u00dc Seaside Rendezvous (edaspidi andmet\u00f6\u00f6tleja).  <\/span><\/p><p><span style=\"font-weight: 400;\">1.2. Andmesubjekt privaatsuspoliitika t\u00e4henduses on klient v\u00f5i muu f\u00fc\u00fcsiline isik, kelle isikuandmeid andmet\u00f6\u00f6tleja t\u00f6\u00f6tleb. <\/span><\/p><p><span style=\"font-weight: 400;\">1.3. Klient privaatsuspoliitika t\u00e4henduses on iga\u00fcks, kes ostab andmet\u00f6\u00f6tleja kodulehelt kaupu v\u00f5i teenuseid. <\/span><\/p><p><span style=\"font-weight: 400;\">1.4. Andmet\u00f6\u00f6tleja j\u00e4rgib \u00f5igusaktides s\u00e4testatud andmete t\u00f6\u00f6tlemise p\u00f5him\u00f5tteid, muuhulgas t\u00f6\u00f6tleb andmet\u00f6\u00f6tleja isikuandmeid seaduslikult, \u00f5iglaselt ja turvaliselt. Andmet\u00f6\u00f6tleja on v\u00f5imeline kinnitama, et isikuandmeid on t\u00f6\u00f6deldud vastavalt \u00f5igusaktides s\u00e4testatule.  <\/span><\/p><p><strong>  2. Isikuandmete kogumine, t\u00f6\u00f6tlemine ja s\u00e4ilitamine <\/strong><\/p><p><span style=\"font-weight: 400;\">2.1. Isikuandmed, mida andmet\u00f6\u00f6tleja kogub, t\u00f6\u00f6tleb ja s\u00e4ilitab, on kogutud elektrooniliselt, peamiselt kodulehe ja e-posti vahendusel.   <\/span><\/p><p><span style=\"font-weight: 400;\">2.2. Oma isikuandmete jagamisega annab andmesubjekt andmet\u00f6\u00f6tlejale \u00f5iguse koguda, korraldada, kasutada ja hallata privaatsuspoliitikas m\u00e4\u00e4ratletud eesm\u00e4rgil isikuandmeid, mida andmesubjekt otse v\u00f5i kaudselt kodulehel kaupu v\u00f5i teenuseid ostes andmet\u00f6\u00f6tlejale jagab. <\/span><\/p><p><span style=\"font-weight: 400;\">2.3. Andmesubjekt vastutab selle eest, et tema poolt esitatud andmed oleksid t\u00e4psed, \u00f5iged ja terviklikud. Teadlikult valeandmete esitamist peetakse privaatsuspoliitika rikkumiseks. Andmesubjekt on kohustatud andmet\u00f6\u00f6tlejat viivitamatult teavitama esitatud andmete muutumisest.   <\/span><\/p><p><span style=\"font-weight: 400;\">2.4. Andmet\u00f6\u00f6tleja ei vastuta andmesubjekti poolt valeandmete esitamisest p\u00f5hjustatud kahju eest andmesubjektile v\u00f5i kolmandatele osapooltele. <\/span><\/p><p><strong>  3. Klientide isikuandmete t\u00f6\u00f6tlemine <\/strong><\/p><p><span style=\"font-weight: 400;\">3.1. Andmet\u00f6\u00f6tleja v\u00f5ib t\u00f6\u00f6delda j\u00e4rgnevaid andmesubjekti isikuandmeid: <\/span><\/p><p><span style=\"font-weight: 400;\">3.1.1. Ees- ja perekonnanimi; <\/span><\/p><p><span style=\"font-weight: 400;\">3.1.2. Telefoninumber; <\/span><\/p><p><span style=\"font-weight: 400;\">3.1.3. E-posti aadress; <\/span><\/p><p><span style=\"font-weight: 400;\">3.1.4. Kohaletoimetamise aadress; <\/span><\/p><p><span style=\"font-weight: 400;\">3.1.5. Arvelduskonto number; <\/span><\/p><p><span style=\"font-weight: 400;\">3.2. Lisaks eeltoodule on andmet\u00f6\u00f6tlejal \u00f5igus koguda kliendi kohta andmeid, mis on k\u00e4ttesaadavad avalikes registrites.   <\/span><\/p><p><span style=\"font-weight: 400;\">3.3. Isikuandmete t\u00f6\u00f6tlemise \u00f5iguslik alus on isikuandmete kaitse \u00fcldm\u00e4\u00e4ruse paragrahv 6 lg 1 p-d a), b), c) ja f):    <\/span><\/p><ol><li><span style=\"font-weight: 400;\">(a) the data subject has given his or her consent to the processing of his or her personal data for one or more specific purposes;<\/span><\/li><li><span style=\"font-weight: 400;\">(b) processing of personal data is necessary for the performance of a contract concluded with the data subject or in order to take steps at the request of the data subject prior to entering into a contract;<\/span><\/li><li><span style=\"font-weight: 400;\">(c) the processing is necessary for compliance with a legal obligation to which the controller is subject;<\/span><\/li><li><span style=\"font-weight: 400;\">(f) the processing is necessary for the purposes of the legitimate interests pursued by the controller or by a third party, except where such interests override the interests of the data subject or the fundamental rights and freedoms for which the personal data must be protected, in particular where the data subject is a child.<\/span><\/li><li><span style=\"font-weight: 400;\">(g) processing of personal data in direct marketing.<\/span><\/li><\/ol><p><span style=\"font-weight: 400;\">3.4. Isikuandmete t\u00f6\u00f6tlemine vastavalt t\u00f6\u00f6tlemise eesm\u00e4rgile: <\/span><\/p><p><span style=\"font-weight: 400;\">3.4.1. T\u00f6\u00f6tlemise eesm\u00e4rk \u2013 julgeolek ja turvalisus <\/span><\/p><p><span style=\"font-weight: 400;\">Maximum retention period &#8211; in accordance with the time limits specified by law.<\/span><\/p><p><span style=\"font-weight: 400;\">3.4.2. T\u00f6\u00f6tlemise eesm\u00e4rk \u2013 tellimuse t\u00f6\u00f6tlemine <\/span><\/p><p><span style=\"font-weight: 400;\">Maximum retention period &#8211; in accordance with the time limits specified by law.<\/span><\/p><p><span style=\"font-weight: 400;\">3.4.3. T\u00f6\u00f6tlemise eesm\u00e4rk \u2013 e-poe teenuste toimimise tagamine <\/span><\/p><p><span style=\"font-weight: 400;\">Maximum retention period &#8211; in accordance with the time limits specified by law.<\/span><\/p><p><span style=\"font-weight: 400;\">3.4.4. T\u00f6\u00f6tlemise eesm\u00e4rk \u2013 kliendihaldus <\/span><\/p><p><span style=\"font-weight: 400;\">Maximum retention period &#8211; in accordance with the time limits specified by law.<\/span><\/p><p><span style=\"font-weight: 400;\">3.4.5. T\u00f6\u00f6tlemise eesm\u00e4rk \u2013 finantstegevus, raamatupidamine <\/span><\/p><p><span style=\"font-weight: 400;\">Maximum retention period &#8211; in accordance with the time limits specified by law.<\/span><\/p><p><span style=\"font-weight: 400;\">3.4.6. T\u00f6\u00f6tlemise eesm\u00e4rk \u2013 turundus <\/span><\/p><p><span style=\"font-weight: 400;\">Maximum retention period &#8211; in accordance with the time limits specified by law.<\/span><\/p><p><span style=\"font-weight: 400;\">3.5. Andmet\u00f6\u00f6tlejal on \u00f5igus klientide isikuandmeid jagada kolmandate isikutega, kelleks on n\u00e4iteks volitatud andmet\u00f6\u00f6tlejad, raamatupidajad, transpordi- ja kullerettev\u00f5tted, \u00fclekandeteenuseid pakkuvad ettev\u00f5tted Andmet\u00f6\u00f6tleja on isikuandmete vastutav t\u00f6\u00f6tleja. Andmet\u00f6\u00f6tleja edastab maksete teostamiseks vajalikud isikuandmed volitatud t\u00f6\u00f6tleja Montonio AS.    <\/span><\/p><p><span style=\"font-weight: 400;\">3.6. Andmesubjekti isikuandmete t\u00f6\u00f6tlemisel ja s\u00e4ilitamisel rakendab andmet\u00f6\u00f6tleja organisatoorseid ja tehnilisi meetmeid, mis tagavad isikuandmete kaitse juhusliku v\u00f5i ebaseadusliku h\u00e4vitamise, muutmise, avalikustamise ja mis tahes muu ebaseadusliku t\u00f6\u00f6tlemise eest. <\/span><\/p><p><span style=\"font-weight: 400;\">3.7. Andmet\u00f6\u00f6tleja s\u00e4ilitab andmesubjektide andmeid s\u00f5ltuvalt t\u00f6\u00f6tlemise eesm\u00e4rgist, kuid mitte kauem kui 15 aastat. <\/span><\/p><p><strong>  4. K\u00fcpsiste kasutamine <a href=\"https:\/\/seasiderendezvous.ee\/en\/\">seasiderendezvous.ee<\/a> veebisaidil <\/strong><\/p><p><span style=\"font-weight: 400;\"><a href=\"https:\/\/seasiderendezvous.ee\/en\/\">Seasiderendezvous.ee <\/a>uses cookies in order to operate the website and provide visitors with a better user experience. Cookies are small text files that are stored on your computer or mobile device when you visit websites. Cookies help us analyse visitor behaviour on the website, deliver personalised content and ads, and improve the overall online experience.  <\/span><\/p><p><span style=\"font-weight: 400;\">4.1 Consent to the use of cookies<\/span><\/p><p><span style=\"font-weight: 400;\">By visiting the seasiderendezvous.ee website, you consent to the use of cookies in accordance with this Privacy Policy. You can change your use of cookies at any time through your browser settings or opt out of cookies entirely. Please note that disabling cookies may affect your online experience and the functionality of certain website features.  <\/span><\/p><p><span style=\"font-weight: 400;\">4.2 Types of cookies on the seasiderendezvous.ee website<\/span><\/p><p><span style=\"font-weight: 400;\">4.2.1 Necessary cookies: these cookies are essential for the basic functionality of the website and allow you to navigate and use its features. These cookies do not collect any personal information. <\/span><\/p><p><span style=\"font-weight: 400;\">4.2.2 Functional cookies: these cookies allow us to remember your preferences and improve the functionality of the website.<\/span><\/p><p><span style=\"font-weight: 400;\">4.2.3 Analytics cookies: these cookies help us to collect information about how visitors use the website so that we can improve and adapt our website.<\/span><\/p><p>If you have any questions about the use of cookies on seasiderendezvous.ee, please contact us at info@seasiderendezvous.ee.<\/p><ol start=\"5\"><li><strong>Data subject rights<\/strong><\/li><\/ol><p><span style=\"font-weight: 400;\">5.1. Andmesubjektil on \u00f5igus saada ligip\u00e4\u00e4s oma isikuandmetele ning nendega tutvuda. <\/span><\/p><p><span style=\"font-weight: 400;\">5.2. Andmesubjektil on \u00f5igus saada informatsiooni tema isikuandmete t\u00f6\u00f6tlemise kohta. <\/span><\/p><p><span style=\"font-weight: 400;\">5.3. Andmesubjektil on \u00f5igus t\u00e4iendada v\u00f5i parandada ebat\u00e4pseid andmeid. <\/span><\/p><p><span style=\"font-weight: 400;\">5.4. Kui andmet\u00f6\u00f6tleja t\u00f6\u00f6tleb andmesubjekti isikuandmeid andmesubjekti n\u00f5usoleku alusel, siis on andmesubjektil \u00f5igus igal ajal n\u00f5usolek tagasi v\u00f5tta. <\/span><\/p><p><span style=\"font-weight: 400;\">5.5. Andmesubjekt saab \u00f5iguste teostamiseks p\u00f6\u00f6rduda e-poe klienditoe poole aadressil info@seasiderendezvous.ee. <\/span><\/p><p><span style=\"font-weight: 400;\">5.6. Andmesubjektil on oma \u00f5iguste kaitseks v\u00f5imalik esitada kaebus Andmekaitse Inspektsioonile. <\/span><\/p><ol start=\"6\"><li><strong> Final provisions<\/strong><\/li><\/ol><p><span style=\"font-weight: 400;\">6.1. K\u00e4esolevad andmekaitsetingimused on koostatud koosk\u00f5las Euroopa Parlamendi ja n\u00f5ukogu m\u00e4\u00e4rusega (EL) nr 2016\/679 f\u00fc\u00fcsiliste isikute kaitse kohta isikuandmete t\u00f6\u00f6tlemisel ja selliste andmete vaba liikumise ning direktiivi 95\/46 \/ E\u00dc kehtetuks tunnistamise kohta \/ E\u00dc (isikuandmete kaitse \u00fcldm\u00e4\u00e4rus), Eesti Vabariigi isikuandmete kaitse seadusega ning Eesti Vabariigi ja Euroopa Liidu \u00f5igusaktidega. <\/span><\/p><p><span style=\"font-weight: 400;\">6.2. Andmet\u00f6\u00f6tlejal on \u00f5igus andmekaitsetingimusi osaliselt v\u00f5i t\u00e4ielikult muuta, teavitades andmesubjekte muudatustest kodulehe www.seasiderendezvous.ee kaudu. <\/span><\/p>\t\t\t\t\t\t\t\t<\/div>\n\t\t\t\t<\/div>\n\t\t\t\t\t<\/div>\n\t\t\t\t<\/div>\n\t\t\t\t<\/div>\n\t\t","protected":false},"excerpt":{"rendered":"<p>Privacy policy General provisions 1.1. K\u00e4esolev privaatsuspoliitika reguleerib isikuandmete kogumist, t\u00f6\u00f6tlemist ja s\u00e4ilitamist k\u00e4sitlevaid p\u00f5him\u00f5tteid. Isikuandmeid kogub t\u00f6\u00f6tleb ja s\u00e4ilitab isikuandmete vastutav t\u00f6\u00f6tleja O\u00dc Seaside Rendezvous (edaspidi andmet\u00f6\u00f6tleja). 1.2. Andmesubjekt privaatsuspoliitika t\u00e4henduses on klient v\u00f5i muu f\u00fc\u00fcsiline isik, kelle isikuandmeid andmet\u00f6\u00f6tleja t\u00f6\u00f6tleb. 1.3. Klient privaatsuspoliitika t\u00e4henduses on iga\u00fcks, kes ostab andmet\u00f6\u00f6tleja kodulehelt kaupu v\u00f5i teenuseid. [&hellip;]<\/p>\n","protected":false},"author":1,"featured_media":0,"parent":0,"menu_order":0,"comment_status":"closed","ping_status":"closed","template":"","meta":{"site-sidebar-layout":"no-sidebar","site-content-layout":"page-builder","ast-site-content-layout":"full-width-container","site-content-style":"default","site-sidebar-style":"default","ast-global-header-display":"","ast-banner-title-visibility":"","ast-main-header-display":"","ast-hfb-above-header-display":"","ast-hfb-below-header-display":"","ast-hfb-mobile-header-display":"","site-post-title":"disabled","ast-breadcrumbs-content":"","ast-featured-img":"disabled","footer-sml-layout":"","ast-disable-related-posts":"","theme-transparent-header-meta":"","adv-header-id-meta":"","stick-header-meta":"","header-above-stick-meta":"","header-main-stick-meta":"","header-below-stick-meta":"","astra-migrate-meta-layouts":"default","ast-page-background-enabled":"default","ast-page-background-meta":{"desktop":{"background-color":"var(--ast-global-color-4)","background-image":"","background-repeat":"repeat","background-position":"center center","background-size":"auto","background-attachment":"scroll","background-type":"","background-media":"","overlay-type":"","overlay-color":"","overlay-opacity":"","overlay-gradient":""},"tablet":{"background-color":"","background-image":"","background-repeat":"repeat","background-position":"center center","background-size":"auto","background-attachment":"scroll","background-type":"","background-media":"","overlay-type":"","overlay-color":"","overlay-opacity":"","overlay-gradient":""},"mobile":{"background-color":"","background-image":"","background-repeat":"repeat","background-position":"center center","background-size":"auto","background-attachment":"scroll","background-type":"","background-media":"","overlay-type":"","overlay-color":"","overlay-opacity":"","overlay-gradient":""}},"ast-content-background-meta":{"desktop":{"background-color":"var(--ast-global-color-5)","background-image":"","background-repeat":"repeat","background-position":"center center","background-size":"auto","background-attachment":"scroll","background-type":"","background-media":"","overlay-type":"","overlay-color":"","overlay-opacity":"","overlay-gradient":""},"tablet":{"background-color":"var(--ast-global-color-5)","background-image":"","background-repeat":"repeat","background-position":"center center","background-size":"auto","background-attachment":"scroll","background-type":"","background-media":"","overlay-type":"","overlay-color":"","overlay-opacity":"","overlay-gradient":""},"mobile":{"background-color":"var(--ast-global-color-5)","background-image":"","background-repeat":"repeat","background-position":"center center","background-size":"auto","background-attachment":"scroll","background-type":"","background-media":"","overlay-type":"","overlay-color":"","overlay-opacity":"","overlay-gradient":""}},"footnotes":""},"class_list":["post-1771","page","type-page","status-publish","hentry"],"yoast_head":"<!-- This site is optimized with the Yoast SEO plugin v27.4 - https:\/\/yoast.com\/product\/yoast-seo-wordpress\/ -->\n<title>Privacy policy - Seaside Rendezvous<\/title>\n<meta name=\"robots\" content=\"index, follow, max-snippet:-1, max-image-preview:large, max-video-preview:-1\" \/>\n<link rel=\"canonical\" href=\"https:\/\/seasiderendezvous.ee\/en\/privacy-policy\/\" \/>\n<meta property=\"og:locale\" content=\"en_US\" \/>\n<meta property=\"og:type\" content=\"article\" \/>\n<meta property=\"og:title\" content=\"Privacy policy - Seaside Rendezvous\" \/>\n<meta property=\"og:description\" content=\"Privacy policy General provisions 1.1. K\u00e4esolev privaatsuspoliitika reguleerib isikuandmete kogumist, t\u00f6\u00f6tlemist ja s\u00e4ilitamist k\u00e4sitlevaid p\u00f5him\u00f5tteid. Isikuandmeid kogub t\u00f6\u00f6tleb ja s\u00e4ilitab isikuandmete vastutav t\u00f6\u00f6tleja O\u00dc Seaside Rendezvous (edaspidi andmet\u00f6\u00f6tleja). 1.2. Andmesubjekt privaatsuspoliitika t\u00e4henduses on klient v\u00f5i muu f\u00fc\u00fcsiline isik, kelle isikuandmeid andmet\u00f6\u00f6tleja t\u00f6\u00f6tleb. 1.3. Klient privaatsuspoliitika t\u00e4henduses on iga\u00fcks, kes ostab andmet\u00f6\u00f6tleja kodulehelt kaupu v\u00f5i teenuseid. [&hellip;]\" \/>\n<meta property=\"og:url\" content=\"https:\/\/seasiderendezvous.ee\/en\/privacy-policy\/\" \/>\n<meta property=\"og:site_name\" content=\"Seaside Rendezvous\" \/>\n<meta property=\"article:modified_time\" content=\"2025-07-07T09:12:10+00:00\" \/>\n<meta name=\"twitter:card\" content=\"summary_large_image\" \/>\n<meta name=\"twitter:label1\" content=\"Est. reading time\" \/>\n\t<meta name=\"twitter:data1\" content=\"5 minutes\" \/>\n<script type=\"application\/ld+json\" class=\"yoast-schema-graph\">{\"@context\":\"https:\\\/\\\/schema.org\",\"@graph\":[{\"@type\":\"WebPage\",\"@id\":\"https:\\\/\\\/seasiderendezvous.ee\\\/en\\\/privacy-policy\\\/\",\"url\":\"https:\\\/\\\/seasiderendezvous.ee\\\/en\\\/privacy-policy\\\/\",\"name\":\"Privacy policy - Seaside Rendezvous\",\"isPartOf\":{\"@id\":\"https:\\\/\\\/seasiderendezvous.ee\\\/en\\\/#website\"},\"datePublished\":\"2024-10-06T04:22:20+00:00\",\"dateModified\":\"2025-07-07T09:12:10+00:00\",\"breadcrumb\":{\"@id\":\"https:\\\/\\\/seasiderendezvous.ee\\\/en\\\/privacy-policy\\\/#breadcrumb\"},\"inLanguage\":\"en-US\",\"potentialAction\":[{\"@type\":\"ReadAction\",\"target\":[\"https:\\\/\\\/seasiderendezvous.ee\\\/en\\\/privacy-policy\\\/\"]}]},{\"@type\":\"BreadcrumbList\",\"@id\":\"https:\\\/\\\/seasiderendezvous.ee\\\/en\\\/privacy-policy\\\/#breadcrumb\",\"itemListElement\":[{\"@type\":\"ListItem\",\"position\":1,\"name\":\"Home\",\"item\":\"https:\\\/\\\/seasiderendezvous.ee\\\/en\\\/\"},{\"@type\":\"ListItem\",\"position\":2,\"name\":\"Privacy policy\"}]},{\"@type\":\"WebSite\",\"@id\":\"https:\\\/\\\/seasiderendezvous.ee\\\/en\\\/#website\",\"url\":\"https:\\\/\\\/seasiderendezvous.ee\\\/en\\\/\",\"name\":\"Seaside Rendezvous\",\"description\":\"Luksuslik puhkus Hiiumaal\",\"potentialAction\":[{\"@type\":\"SearchAction\",\"target\":{\"@type\":\"EntryPoint\",\"urlTemplate\":\"https:\\\/\\\/seasiderendezvous.ee\\\/en\\\/?s={search_term_string}\"},\"query-input\":{\"@type\":\"PropertyValueSpecification\",\"valueRequired\":true,\"valueName\":\"search_term_string\"}}],\"inLanguage\":\"en-US\"}]}<\/script>\n<!-- \/ Yoast SEO plugin. -->","yoast_head_json":{"title":"Privacy policy - Seaside Rendezvous","robots":{"index":"index","follow":"follow","max-snippet":"max-snippet:-1","max-image-preview":"max-image-preview:large","max-video-preview":"max-video-preview:-1"},"canonical":"https:\/\/seasiderendezvous.ee\/en\/privacy-policy\/","og_locale":"en_US","og_type":"article","og_title":"Privacy policy - Seaside Rendezvous","og_description":"Privacy policy General provisions 1.1. K\u00e4esolev privaatsuspoliitika reguleerib isikuandmete kogumist, t\u00f6\u00f6tlemist ja s\u00e4ilitamist k\u00e4sitlevaid p\u00f5him\u00f5tteid. Isikuandmeid kogub t\u00f6\u00f6tleb ja s\u00e4ilitab isikuandmete vastutav t\u00f6\u00f6tleja O\u00dc Seaside Rendezvous (edaspidi andmet\u00f6\u00f6tleja). 1.2. Andmesubjekt privaatsuspoliitika t\u00e4henduses on klient v\u00f5i muu f\u00fc\u00fcsiline isik, kelle isikuandmeid andmet\u00f6\u00f6tleja t\u00f6\u00f6tleb. 1.3. Klient privaatsuspoliitika t\u00e4henduses on iga\u00fcks, kes ostab andmet\u00f6\u00f6tleja kodulehelt kaupu v\u00f5i teenuseid. [&hellip;]","og_url":"https:\/\/seasiderendezvous.ee\/en\/privacy-policy\/","og_site_name":"Seaside Rendezvous","article_modified_time":"2025-07-07T09:12:10+00:00","twitter_card":"summary_large_image","twitter_misc":{"Est. reading time":"5 minutes"},"schema":{"@context":"https:\/\/schema.org","@graph":[{"@type":"WebPage","@id":"https:\/\/seasiderendezvous.ee\/en\/privacy-policy\/","url":"https:\/\/seasiderendezvous.ee\/en\/privacy-policy\/","name":"Privacy policy - Seaside Rendezvous","isPartOf":{"@id":"https:\/\/seasiderendezvous.ee\/en\/#website"},"datePublished":"2024-10-06T04:22:20+00:00","dateModified":"2025-07-07T09:12:10+00:00","breadcrumb":{"@id":"https:\/\/seasiderendezvous.ee\/en\/privacy-policy\/#breadcrumb"},"inLanguage":"en-US","potentialAction":[{"@type":"ReadAction","target":["https:\/\/seasiderendezvous.ee\/en\/privacy-policy\/"]}]},{"@type":"BreadcrumbList","@id":"https:\/\/seasiderendezvous.ee\/en\/privacy-policy\/#breadcrumb","itemListElement":[{"@type":"ListItem","position":1,"name":"Home","item":"https:\/\/seasiderendezvous.ee\/en\/"},{"@type":"ListItem","position":2,"name":"Privacy policy"}]},{"@type":"WebSite","@id":"https:\/\/seasiderendezvous.ee\/en\/#website","url":"https:\/\/seasiderendezvous.ee\/en\/","name":"Seaside Rendezvous","description":"Luksuslik puhkus Hiiumaal","potentialAction":[{"@type":"SearchAction","target":{"@type":"EntryPoint","urlTemplate":"https:\/\/seasiderendezvous.ee\/en\/?s={search_term_string}"},"query-input":{"@type":"PropertyValueSpecification","valueRequired":true,"valueName":"search_term_string"}}],"inLanguage":"en-US"}]}},"_links":{"self":[{"href":"https:\/\/seasiderendezvous.ee\/en\/wp-json\/wp\/v2\/pages\/1771","targetHints":{"allow":["GET"]}}],"collection":[{"href":"https:\/\/seasiderendezvous.ee\/en\/wp-json\/wp\/v2\/pages"}],"about":[{"href":"https:\/\/seasiderendezvous.ee\/en\/wp-json\/wp\/v2\/types\/page"}],"author":[{"embeddable":true,"href":"https:\/\/seasiderendezvous.ee\/en\/wp-json\/wp\/v2\/users\/1"}],"replies":[{"embeddable":true,"href":"https:\/\/seasiderendezvous.ee\/en\/wp-json\/wp\/v2\/comments?post=1771"}],"version-history":[{"count":3,"href":"https:\/\/seasiderendezvous.ee\/en\/wp-json\/wp\/v2\/pages\/1771\/revisions"}],"predecessor-version":[{"id":2585,"href":"https:\/\/seasiderendezvous.ee\/en\/wp-json\/wp\/v2\/pages\/1771\/revisions\/2585"}],"wp:attachment":[{"href":"https:\/\/seasiderendezvous.ee\/en\/wp-json\/wp\/v2\/media?parent=1771"}],"curies":[{"name":"wp","href":"https:\/\/api.w.org\/{rel}","templated":true}]}}