{"id":1818,"date":"2024-12-19T14:26:47","date_gmt":"2024-12-19T12:26:47","guid":{"rendered":"https:\/\/seasiderendezvous.ee\/book-accommodation\/"},"modified":"2025-07-10T01:46:06","modified_gmt":"2025-07-09T22:46:06","slug":"book-accommodation","status":"publish","type":"page","link":"https:\/\/seasiderendezvous.ee\/en\/book-accommodation\/","title":{"rendered":"Book accommodation"},"content":{"rendered":"\t\t<div data-elementor-type=\"wp-page\" data-elementor-id=\"1818\" class=\"elementor elementor-1818 elementor-1800\" data-elementor-post-type=\"page\">\n\t\t\t\t<div class=\"elementor-element elementor-element-b2a961b e-flex e-con-boxed e-con e-parent\" data-id=\"b2a961b\" data-element_type=\"container\" data-e-type=\"container\" data-settings=\"{&quot;background_background&quot;:&quot;classic&quot;}\">\n\t\t\t\t\t<div class=\"e-con-inner\">\n\t\t<div class=\"elementor-element elementor-element-c61c7c1 e-con-full e-flex e-con e-child\" data-id=\"c61c7c1\" data-element_type=\"container\" data-e-type=\"container\">\n\t\t<div class=\"elementor-element elementor-element-8bb444a e-con-full e-flex e-con e-child\" data-id=\"8bb444a\" data-element_type=\"container\" data-e-type=\"container\" data-settings=\"{&quot;background_background&quot;:&quot;classic&quot;}\">\n\t\t\t\t<div class=\"elementor-element elementor-element-d046193 elementor-widget elementor-widget-heading\" data-id=\"d046193\" data-element_type=\"widget\" data-e-type=\"widget\" data-widget_type=\"heading.default\">\n\t\t\t\t<div class=\"elementor-widget-container\">\n\t\t\t\t\t<h2 class=\"elementor-heading-title elementor-size-default\">Check availability and book accommodation<\/h2>\t\t\t\t<\/div>\n\t\t\t\t<\/div>\n\t\t\t\t<div class=\"elementor-element elementor-element-9d30d72 elementor-widget elementor-widget-mphbe-search-form\" data-id=\"9d30d72\" data-element_type=\"widget\" data-e-type=\"widget\" data-settings=\"{&quot;no_paddings&quot;:&quot;no&quot;,&quot;hide_tips&quot;:&quot;no&quot;,&quot;multiple_lines&quot;:&quot;no&quot;,&quot;stretch_btn&quot;:&quot;no&quot;}\" data-widget_type=\"mphbe-search-form.default\">\n\t\t\t\t<div class=\"elementor-widget-container\">\n\t\t\t\t\t<div class=\"mphb_sc_search-wrapper is-style-horizontal-form \">\n<form method=\"GET\" class=\"mphb_sc_search-form\" action=\"https:\/\/seasiderendezvous.ee\/en\/search-results\/\" data-first_available_check_in_date=\"2026-04-16\">\n\n\t<p class = \"mphb-required-fields-tip\">\n\t<small>\n\t\tRequired fields are followed by\t\t<abbr title=\"required\">*<\/abbr>\n\t<\/small>\n<\/p>\n\n\t<p class=\"mphb_sc_search-check-in-date\">\n\t\t<label for=\"mphb_check_in_date-mphb-search-form-69e147baa2e0a\">\n\t\t\tCheck-in\t\t\t<abbr title=\"Formatted as dd.mm.yyyy\">*<\/abbr>\n\t\t<\/label>\n\t\t<br \/>\n\t\t<input\n\t\t\tid=\"mphb_check_in_date-mphb-search-form-69e147baa2e0a\"\n\t\t\tdata-datepick-group=\"mphb-search-form-69e147baa2e0a\"\n\t\t\tvalue=\"\"\n\t\t\tplaceholder=\"Check-in Date\"\n\t\t\trequired=\"required\"\n\t\t\ttype=\"text\"\n\t\t\tinputmode=\"none\"\n\t\t\tname=\"mphb_check_in_date\"\n\t\t\tclass=\"mphb-datepick\"\n\t\t\tautocomplete=\"off\"\n\t\t\t\/>\n\t<\/p>\n\n\t<p class=\"mphb_sc_search-check-out-date\">\n\t\t<label for=\"mphb_check_out_date-mphb-search-form-69e147baa2e0a\">\n\t\t\tCheck-out\t\t\t<abbr title=\"Formatted as dd.mm.yyyy\">*<\/abbr>\n\t\t<\/label>\n\t\t<br \/>\n\t\t<input\n\t\t\tid=\"mphb_check_out_date-mphb-search-form-69e147baa2e0a\"\n\t\t\tdata-datepick-group=\"mphb-search-form-69e147baa2e0a\"\n\t\t\tvalue=\"\"\n\t\t\tplaceholder=\"Check-out Date\"\n\t\t\trequired=\"required\"\n\t\t\ttype=\"text\"\n\t\t\tinputmode=\"none\"\n\t\t\tname=\"mphb_check_out_date\"\n\t\t\tclass=\"mphb-datepick\"\n\t\t\tautocomplete=\"off\"\n\t\t\t\/>\n\t<\/p>\n\n\t\t\t<p class=\"mphb_sc_search-adults\">\n\t\t\t<label for=\"mphb_adults-mphb-search-form-69e147baa2e0a\">\n\t\t\t\tGuests\t\t\t<\/label>\n\t\t\t<br \/>\n\t\t\t<select id=\"mphb_adults-mphb-search-form-69e147baa2e0a\" name=\"mphb_adults\" >\n\t\t\t\t\t\t\t\t\t<option value=\"1\" >1<\/option>\n\t\t\t\t\t\t\t\t\t<option value=\"2\"  selected='selected'>2<\/option>\n\t\t\t\t\t\t\t\t\t<option value=\"3\" >3<\/option>\n\t\t\t\t\t\t\t\t\t<option value=\"4\" >4<\/option>\n\t\t\t\t\t\t\t\t\t<option value=\"5\" >5<\/option>\n\t\t\t\t\t\t\t\t\t<option value=\"6\" >6<\/option>\n\t\t\t\t\t\t\t<\/select>\n\t\t<\/p>\n\t\n\t\t\t<input type=\"hidden\" id=\"mphb_children-mphb-search-form-69e147baa2e0a\" name=\"mphb_children\" value=\"0\" \/>\n\t\n\t\n\t\n\t<input id=\"mphb_check_in_date-mphb-search-form-69e147baa2e0a-hidden\" value=\"\" type=\"hidden\" name=\"mphb_check_in_date\" \/><input id=\"mphb_check_out_date-mphb-search-form-69e147baa2e0a-hidden\" value=\"\" type=\"hidden\" name=\"mphb_check_out_date\" \/>\n\t<p class=\"mphb_sc_search-submit-button-wrapper\">\n\t\t<input type=\"submit\" class=\"button\" value=\"Search\"\/>\n\t<\/p>\n\n\t\n<\/form>\n<\/div>\t\t\t\t<\/div>\n\t\t\t\t<\/div>\n\t\t\t\t<\/div>\n\t\t\t\t<\/div>\n\t\t\t\t\t<\/div>\n\t\t\t\t<\/div>\n\t\t\t\t<\/div>\n\t\t","protected":false},"excerpt":{"rendered":"<p>Check availability and book accommodation Kohustuslikele v\u00e4ljadele j\u00e4rgneb * Saabumine * Lahkumine * K\u00fclaliste arv 123456<\/p>\n","protected":false},"author":2,"featured_media":0,"parent":0,"menu_order":0,"comment_status":"closed","ping_status":"closed","template":"","meta":{"site-sidebar-layout":"no-sidebar","site-content-layout":"page-builder","ast-site-content-layout":"full-width-container","site-content-style":"default","site-sidebar-style":"default","ast-global-header-display":"","ast-banner-title-visibility":"","ast-main-header-display":"","ast-hfb-above-header-display":"","ast-hfb-below-header-display":"","ast-hfb-mobile-header-display":"","site-post-title":"disabled","ast-breadcrumbs-content":"","ast-featured-img":"disabled","footer-sml-layout":"","ast-disable-related-posts":"","theme-transparent-header-meta":"","adv-header-id-meta":"","stick-header-meta":"","header-above-stick-meta":"","header-main-stick-meta":"","header-below-stick-meta":"","astra-migrate-meta-layouts":"default","ast-page-background-enabled":"default","ast-page-background-meta":{"desktop":{"background-color":"var(--ast-global-color-4)","background-image":"","background-repeat":"repeat","background-position":"center center","background-size":"auto","background-attachment":"scroll","background-type":"","background-media":"","overlay-type":"","overlay-color":"","overlay-opacity":"","overlay-gradient":""},"tablet":{"background-color":"","background-image":"","background-repeat":"repeat","background-position":"center center","background-size":"auto","background-attachment":"scroll","background-type":"","background-media":"","overlay-type":"","overlay-color":"","overlay-opacity":"","overlay-gradient":""},"mobile":{"background-color":"","background-image":"","background-repeat":"repeat","background-position":"center center","background-size":"auto","background-attachment":"scroll","background-type":"","background-media":"","overlay-type":"","overlay-color":"","overlay-opacity":"","overlay-gradient":""}},"ast-content-background-meta":{"desktop":{"background-color":"var(--ast-global-color-5)","background-image":"","background-repeat":"repeat","background-position":"center center","background-size":"auto","background-attachment":"scroll","background-type":"","background-media":"","overlay-type":"","overlay-color":"","overlay-opacity":"","overlay-gradient":""},"tablet":{"background-color":"var(--ast-global-color-5)","background-image":"","background-repeat":"repeat","background-position":"center center","background-size":"auto","background-attachment":"scroll","background-type":"","background-media":"","overlay-type":"","overlay-color":"","overlay-opacity":"","overlay-gradient":""},"mobile":{"background-color":"var(--ast-global-color-5)","background-image":"","background-repeat":"repeat","background-position":"center center","background-size":"auto","background-attachment":"scroll","background-type":"","background-media":"","overlay-type":"","overlay-color":"","overlay-opacity":"","overlay-gradient":""}},"footnotes":""},"class_list":["post-1818","page","type-page","status-publish","hentry"],"yoast_head":"<!-- This site is optimized with the Yoast SEO plugin v27.4 - https:\/\/yoast.com\/product\/yoast-seo-wordpress\/ -->\n<title>Book accommodation - Seaside Rendezvous<\/title>\n<meta name=\"description\" content=\"Choose one of the two properties, find a date and enjoy an unforgettable holiday with your loved ones - sauna, beautiful views and tranquillity await you!\" \/>\n<meta name=\"robots\" content=\"index, follow, max-snippet:-1, max-image-preview:large, max-video-preview:-1\" \/>\n<link rel=\"canonical\" href=\"https:\/\/seasiderendezvous.ee\/en\/book-accommodation\/\" \/>\n<meta property=\"og:locale\" content=\"en_US\" \/>\n<meta property=\"og:type\" content=\"article\" \/>\n<meta property=\"og:title\" content=\"Book accommodation - Seaside Rendezvous\" \/>\n<meta property=\"og:description\" content=\"Choose one of the two properties, find a date and enjoy an unforgettable holiday with your loved ones - sauna, beautiful views and tranquillity await you!\" \/>\n<meta property=\"og:url\" content=\"https:\/\/seasiderendezvous.ee\/en\/book-accommodation\/\" \/>\n<meta property=\"og:site_name\" content=\"Seaside Rendezvous\" \/>\n<meta property=\"article:modified_time\" content=\"2025-07-09T22:46:06+00:00\" \/>\n<meta name=\"twitter:card\" content=\"summary_large_image\" \/>\n<script type=\"application\/ld+json\" class=\"yoast-schema-graph\">{\"@context\":\"https:\\\/\\\/schema.org\",\"@graph\":[{\"@type\":\"WebPage\",\"@id\":\"https:\\\/\\\/seasiderendezvous.ee\\\/en\\\/book-accommodation\\\/\",\"url\":\"https:\\\/\\\/seasiderendezvous.ee\\\/en\\\/book-accommodation\\\/\",\"name\":\"Book accommodation - Seaside Rendezvous\",\"isPartOf\":{\"@id\":\"https:\\\/\\\/seasiderendezvous.ee\\\/en\\\/#website\"},\"datePublished\":\"2024-12-19T12:26:47+00:00\",\"dateModified\":\"2025-07-09T22:46:06+00:00\",\"description\":\"Choose one of the two properties, find a date and enjoy an unforgettable holiday with your loved ones - sauna, beautiful views and tranquillity await you!\",\"breadcrumb\":{\"@id\":\"https:\\\/\\\/seasiderendezvous.ee\\\/en\\\/book-accommodation\\\/#breadcrumb\"},\"inLanguage\":\"en-US\",\"potentialAction\":[{\"@type\":\"ReadAction\",\"target\":[\"https:\\\/\\\/seasiderendezvous.ee\\\/en\\\/book-accommodation\\\/\"]}]},{\"@type\":\"BreadcrumbList\",\"@id\":\"https:\\\/\\\/seasiderendezvous.ee\\\/en\\\/book-accommodation\\\/#breadcrumb\",\"itemListElement\":[{\"@type\":\"ListItem\",\"position\":1,\"name\":\"Home\",\"item\":\"https:\\\/\\\/seasiderendezvous.ee\\\/en\\\/\"},{\"@type\":\"ListItem\",\"position\":2,\"name\":\"Book accommodation\"}]},{\"@type\":\"WebSite\",\"@id\":\"https:\\\/\\\/seasiderendezvous.ee\\\/en\\\/#website\",\"url\":\"https:\\\/\\\/seasiderendezvous.ee\\\/en\\\/\",\"name\":\"Seaside Rendezvous\",\"description\":\"Luksuslik puhkus Hiiumaal\",\"potentialAction\":[{\"@type\":\"SearchAction\",\"target\":{\"@type\":\"EntryPoint\",\"urlTemplate\":\"https:\\\/\\\/seasiderendezvous.ee\\\/en\\\/?s={search_term_string}\"},\"query-input\":{\"@type\":\"PropertyValueSpecification\",\"valueRequired\":true,\"valueName\":\"search_term_string\"}}],\"inLanguage\":\"en-US\"}]}<\/script>\n<!-- \/ Yoast SEO plugin. -->","yoast_head_json":{"title":"Book accommodation - Seaside Rendezvous","description":"Choose one of the two properties, find a date and enjoy an unforgettable holiday with your loved ones - sauna, beautiful views and tranquillity await you!","robots":{"index":"index","follow":"follow","max-snippet":"max-snippet:-1","max-image-preview":"max-image-preview:large","max-video-preview":"max-video-preview:-1"},"canonical":"https:\/\/seasiderendezvous.ee\/en\/book-accommodation\/","og_locale":"en_US","og_type":"article","og_title":"Book accommodation - Seaside Rendezvous","og_description":"Choose one of the two properties, find a date and enjoy an unforgettable holiday with your loved ones - sauna, beautiful views and tranquillity await you!","og_url":"https:\/\/seasiderendezvous.ee\/en\/book-accommodation\/","og_site_name":"Seaside Rendezvous","article_modified_time":"2025-07-09T22:46:06+00:00","twitter_card":"summary_large_image","schema":{"@context":"https:\/\/schema.org","@graph":[{"@type":"WebPage","@id":"https:\/\/seasiderendezvous.ee\/en\/book-accommodation\/","url":"https:\/\/seasiderendezvous.ee\/en\/book-accommodation\/","name":"Book accommodation - Seaside Rendezvous","isPartOf":{"@id":"https:\/\/seasiderendezvous.ee\/en\/#website"},"datePublished":"2024-12-19T12:26:47+00:00","dateModified":"2025-07-09T22:46:06+00:00","description":"Choose one of the two properties, find a date and enjoy an unforgettable holiday with your loved ones - sauna, beautiful views and tranquillity await you!","breadcrumb":{"@id":"https:\/\/seasiderendezvous.ee\/en\/book-accommodation\/#breadcrumb"},"inLanguage":"en-US","potentialAction":[{"@type":"ReadAction","target":["https:\/\/seasiderendezvous.ee\/en\/book-accommodation\/"]}]},{"@type":"BreadcrumbList","@id":"https:\/\/seasiderendezvous.ee\/en\/book-accommodation\/#breadcrumb","itemListElement":[{"@type":"ListItem","position":1,"name":"Home","item":"https:\/\/seasiderendezvous.ee\/en\/"},{"@type":"ListItem","position":2,"name":"Book accommodation"}]},{"@type":"WebSite","@id":"https:\/\/seasiderendezvous.ee\/en\/#website","url":"https:\/\/seasiderendezvous.ee\/en\/","name":"Seaside Rendezvous","description":"Luksuslik puhkus Hiiumaal","potentialAction":[{"@type":"SearchAction","target":{"@type":"EntryPoint","urlTemplate":"https:\/\/seasiderendezvous.ee\/en\/?s={search_term_string}"},"query-input":{"@type":"PropertyValueSpecification","valueRequired":true,"valueName":"search_term_string"}}],"inLanguage":"en-US"}]}},"_links":{"self":[{"href":"https:\/\/seasiderendezvous.ee\/en\/wp-json\/wp\/v2\/pages\/1818","targetHints":{"allow":["GET"]}}],"collection":[{"href":"https:\/\/seasiderendezvous.ee\/en\/wp-json\/wp\/v2\/pages"}],"about":[{"href":"https:\/\/seasiderendezvous.ee\/en\/wp-json\/wp\/v2\/types\/page"}],"author":[{"embeddable":true,"href":"https:\/\/seasiderendezvous.ee\/en\/wp-json\/wp\/v2\/users\/2"}],"replies":[{"embeddable":true,"href":"https:\/\/seasiderendezvous.ee\/en\/wp-json\/wp\/v2\/comments?post=1818"}],"version-history":[{"count":3,"href":"https:\/\/seasiderendezvous.ee\/en\/wp-json\/wp\/v2\/pages\/1818\/revisions"}],"predecessor-version":[{"id":2591,"href":"https:\/\/seasiderendezvous.ee\/en\/wp-json\/wp\/v2\/pages\/1818\/revisions\/2591"}],"wp:attachment":[{"href":"https:\/\/seasiderendezvous.ee\/en\/wp-json\/wp\/v2\/media?parent=1818"}],"curies":[{"name":"wp","href":"https:\/\/api.w.org\/{rel}","templated":true}]}}